{"id":74,"date":"2020-01-10T17:55:41","date_gmt":"2020-01-10T16:55:41","guid":{"rendered":"https:\/\/www.tsubook.net\/it\/?page_id=74"},"modified":"2024-09-05T08:58:56","modified_gmt":"2024-09-05T06:58:56","slug":"scarica","status":"publish","type":"page","link":"https:\/\/www.tsubook.net\/it\/aiuto\/scarica\/","title":{"rendered":"Come posso scaricare Tsubook sul mio dispositivo?"},"content":{"rendered":"\t\t\t<!-- Flexy Breadcrumb -->\r\n\t\t\t<div class=\"fbc fbc-page\">\r\n\r\n\t\t\t\t<!-- Breadcrumb wrapper -->\r\n\t\t\t\t<div class=\"fbc-wrap\">\r\n\r\n\t\t\t\t\t<!-- Ordered list-->\r\n\t\t\t\t\t<ol class=\"fbc-items\" itemscope itemtype=\"https:\/\/schema.org\/BreadcrumbList\">\r\n\t\t\t\t\t\t<li class=\"active\" itemprop=\"itemListElement\" itemscope itemtype=\"https:\/\/schema.org\/ListItem\"><span itemprop=\"name\" title=\"Come posso scaricare Tsubook sul mio dispositivo?\">Come posso scaricare Tsubook sul mio dispositivo?<\/span><meta itemprop=\"position\" content=\"2\" \/><\/li>\t\t\t\t\t<\/ol>\r\n\t\t\t\t\t<div class=\"clearfix\"><\/div>\r\n\t\t\t\t<\/div>\r\n\t\t\t<\/div>\r\n\t\t\t\n\n\n\n<p>Ti ringraziamo per l&#8217;interesse mostrato nei confronti di Tsubook! Insieme vedremo come scaricare ed installare l&#8217;applicazione sul tuo dispositivo.<\/p>\n\n\n\n<p>Tsubook \u00e8 un&#8217;applicazione disponibile per telefoni (iPhone e Android), tablet (iPad e Android) e computer (Mac e Windows). Distribuiamo Tsubook tramite i seguenti app store: Google Play Store, Apple AppStore e Microsoft Store.<\/p>\n\n\n\n<p>Per ottenere l&#8217;app devi scaricarla da uno di questi negozi virtuali. Il negozio che utilizzerai dipender\u00e0 dal tipo del tuo dispositivo:<\/p>\n\n\n\n<div id=\"tabs\">\n<ul>\n<li><a href=\"#ios\"><b>iPhone, iPad o Mac<\/b><\/a><\/li>\n<li><a href=\"#android\"><b>Android<\/b><\/a><\/li>\n<li><a href=\"#windows\"><b>Windows<\/b><\/a><\/li>\n<\/ul>\n<div id=\"ios\"><p>Sei hai un dispositivo iPhone, iPad oppure Mac (marchio Apple), potrai scaricare Tsubook tramite &#8216;App Store&#8217;:<\/p>\n<ol>\n<li>Accertati che il tuo dispositivo sia connesso ad internet.<\/li>\n<li class=\"show-mobile ios\">Fai clic su <a href=\"https:\/\/www.tsubook.net\/download\/?l=it\" target=\"_blank\" rel=\"noopener noreferrer\">questo link<\/a> (o sul pulsante in basso) per aprire immediatamente la pagina di Tsubook sull&#8217;App Store.<\/li>\n<li class=\"hide-mobile ios\">Sul tuo dispositivo, cerca un&#8217;app chiamata &#8216;App Store&#8217; (icona blu e bianca). Se sei su iPhone o iPad e non riesci a trovarla nella schermata iniziale, prova a far scorrere il dito da sinistra a destra o da destra a sinistra per esplorare le altre pagine. Se sei su Mac, clicca sulla lente di ingrandimento nella barra in alto e digita &#8216;appstore&#8217;. Una volta trovato l&#8217;App Store, fai clic su di esso per aprirlo.<\/li>\n<li class=\"hide-mobile ios\">Una volta aperto, clicca sulla lente di ingrandimento (&#8216;cerca&#8217;) nella barra in basso (per iPhone e iPad) o nel pannello di sinistra (per Mac).<\/li>\n<li class=\"hide-mobile ios\">Nella barra di ricerca, digita &#8216;tsubook&#8217; usando la tastiera. Su iPhone e iPad, clicca sul pulsante &#8216;cerca&#8217; in basso a destra della tastiera. Su Mac, premi &#8216;Invio&#8217;.<\/li>\n<li class=\"hide-mobile ios\">Le immagini di Tsubook dovrebbero apparire per prime.<\/li>\n<li>Clicca sul tasto &#8220;Ottieni&#8221; o &#8220;Scarica&#8221; messo in evidenza.<\/li>\n<li>Se \u00e8 la prima volta che scarichi un&#8217;app, l&#8217;App Store ti chieder\u00e0 di inserire la tua carta di credito. Questa \u00e8 una formalit\u00e0 resa obbligatoria da Apple anche per le app gratuite. Nulla ti sar\u00e0 addebitato per scaricare Tsubook.<\/li>\n<li>Una volta completato questo passaggio, verr\u00e0 visualizzato un piccolo cerchio blu che indica che il download \u00e8 in corso.<\/li>\n<li>Una volta completato il download, se sei su iPhone o iPad, verr\u00e0 creato un collegamento a Tsubook sulla home page del tuo dispositivo. Basta cliccarci sopra per aprire Tsubook. Su Mac, puoi trovarlo digitando &#8216;tsubook&#8217; nella barra di ricerca del tuo computer.<\/li>\n<\/ol>\n<p class=\"show-mobile ios\"><a href=\"https:\/\/www.tsubook.net\/download\/?l=it\" class=\"btn red-btn\" target=\"_blank\" rel=\"noopener noreferrer\">Mostra Tsubook<br>nell&#8217;App Store<\/a><\/p>\n<\/div>\n<div id=\"android\"><p>Se utilizzi un telefono o un tablet Android (tutte le marche tranne Apple), puoi scaricare Tsubook tramite l&#8217;app store chiamato &#8220;Play Store&#8221;:<\/p>\n<ol>\n<li>Accertati che il tuo dispositivo sia connesso ad internet.<\/li>\n<li class=\"show-mobile android\">Fai clic su <a href=\"https:www\/\/tsubook.net\/download\/?l=it\" target=\"_blank\" rel=\"noopener noreferrer\">questo link<\/a> (o sul pulsante in basso) per aprire immediatamente la pagina di Tsubook sul Play Store.<\/li>\n<li class=\"hide-mobile android\">Nel tuo dispositivo, cerca un&#8217;app chiamata &#8220;Play Store&#8221; (icona triangolare multicolore). Se non riesci a trovarla sulla schermata Home, prova a far scorrere il dito da sinistra a destra o da destra a sinistra per esplorare le altre pagine. Una volta trovato il Play Store, fai clic su di esso (= tocca brevemente con il dito) per aprirlo.<\/li>\n<li class=\"hide-mobile android\">Una volta aperto, clicca sulla barra bianca in alto e inserisci  &#8220;tsubook&#8221; usando la tastiera. Dovrebbe apparire una lista di risultati, con prima il logo e il nome di Tsubook. Clicca su questi per accedere alla pagina dell&#8217;applicazione.<\/li>\n<li>Nella pagina di Tsubook, fai clic sul pulsante &#8220;Installa&#8221; o &#8220;Scarica&#8221; visualizzato in primo piano.<\/li>\n<li>Se \u00e8 la prima volta che scarichi un&#8217;app, il Play Store ti chieder\u00e0 di inserire la tua carta di credito. Questa formalit\u00e0 \u00e8 facoltativa (cerca il pulsante &#8216;Ignora&#8217; o &#8216;Salta&#8217; in basso) ma se decidi di inserirla, sappi che non ti verr\u00e0 addebitato nulla per scaricare Tsubook.<\/li>\n<li>Una volta che i dettagli bancari saranno riempiti o ignorati, verr\u00e0 visualizzata una barra di avanzamento e un aumento della percentuale, che indica che il download \u00e8 in corso.<\/li>\n<li>Una volta completato il download, verr\u00e0 creata una scorciatoia per Tsubook sulla home page del dispositivo. Basta fare clic su di essa per aprire Tsubook.<\/li>\n<\/ol>\n<p class=\"show-mobile android\"><a href=\"https:\/\/www.tsubook.net\/download\/?l=it\" class=\"btn red-btn\" target=\"_blank\" rel=\"noopener noreferrer\">Mostra Tsubook<br>nel Play Store<\/a><\/p>\n<\/div>\n<div id=\"windows\"><p>Se utilizzi un computer Windows, puoi scaricare Tsubook tramite l&#8217;app store denominato &#8220;Microsoft Store&#8221;:<\/p>\n<p>Attenzione: Tsubook \u00e8 disponibile solo per Windows 10 e versioni successive di Windows. Se hai Windows 8 o una versione precedente, non puoi installare Tsubook.<\/p>\n<ol>\n<li>Accertati che il tuo dispositivo sia connesso ad internet.<\/li>\n<li>Sul tuo dispositivo, cerca un&#8217;app chiamata &#8216;Microsoft Store&#8217; (icona quadrata multicolore). Se non riesci a trovarla, clicca sul menu di Windows nella barra in basso e digita &#8216;store&#8217;. Una volta trovato il Microsoft Store, cliccaci sopra per aprirlo.<\/li>\n<li>Una volta aperto, clicca sulla barra grigia con la lente di ingrandimento in alto e digita &#8216;tsubook&#8217; con la tastiera.<\/li>\n<li>Dovrebbe apparire un elenco di risultati, con il logo e il nome di Tsubook per primi.<\/li>\n<li>Cliccaci sopra per accede alla pagina dell&#8217;app.<\/li>\n<li>Nella pagina Tsubook, fare clic sul pulsante &#8220;Ottieni&#8221; o &#8220;Scarica&#8221; visualizzato in modo evidente.<\/li>\n<li>Verr\u00e0 visualizzata una barra di avanzamento e un aumento percentuale, che indica che il download \u00e8 in corso.<\/li>\n<li>Una volta completato il download, verr\u00e0 creato un collegamento a Tsubook sul tuo desktop. Basta cliccarci sopra per aprire Tsubook.<\/li>\n<\/ol>\n<\/div>\n<\/div>\n<link rel=\"stylesheet\" href=\"\/\/code.jquery.com\/ui\/1.12.1\/themes\/base\/jquery-ui.css\">\n<script src=\"https:\/\/code.jquery.com\/jquery-1.12.4.js\"><\/script><br>\n<script src=\"https:\/\/code.jquery.com\/ui\/1.12.1\/jquery-ui.js\"><\/script><br>\n<script type=\"text\/javascript\">$(\"#tabs\").tabs({ active: (isDeviceMobile.android()?1:0) });<\/script><br>\n<script>\r\n  \/\/ Show if mobile\r\n  [].forEach.call(document.getElementsByClassName('show-mobile'), function (e) {\r\n    [].forEach.call(e.className.split(\" \"), function (device) {\r\n      if(isDeviceMobile[device] !== undefined && isDeviceMobile[device]() !== null) {\r\n        if(e.tagName === \"LI\") {\r\n        \te.style.display = \"list-item\";\r\n        } else {\r\n        \te.style.display = \"block\";\r\n        }\r\n      }\r\n    });\r\n  });\r\n  \/\/ Hide if mobile\r\n  [].forEach.call(document.getElementsByClassName('hide-mobile'), function (e) {\r\n    [].forEach.call(e.className.split(\" \"), function (device) {\r\n      if(isDeviceMobile[device] !== undefined && isDeviceMobile[device]() !== null) {\r\n        e.style.display = \"none\";\r\n      }\r\n    });\r\n  });\r\n<\/script>\n","protected":false},"excerpt":{"rendered":"<p>Ti ringraziamo per l&#8217;interesse mostrato nei confronti di Tsubook! Insieme vedremo come scaricare ed installare l&#8217;applicazione sul tuo dispositivo. Tsubook \u00e8 un&#8217;applicazione disponibile per telefoni (iPhone e Android), tablet (iPad e Android) e computer (Mac e Windows). Distribuiamo Tsubook tramite i seguenti app store: Google Play Store, Apple AppStore e Microsoft Store. Per ottenere l&#8217;app<a href=\"https:\/\/www.tsubook.net\/it\/aiuto\/scarica\/\">[&#8230;]<\/a><\/p>\n","protected":false},"author":1,"featured_media":0,"parent":27,"menu_order":0,"comment_status":"closed","ping_status":"closed","template":"","meta":{"footnotes":""},"class_list":["post-74","page","type-page","status-publish","hentry","wpautop"],"yoast_head":"<!-- This site is optimized with the Yoast SEO plugin v27.1.1 - https:\/\/yoast.com\/product\/yoast-seo-wordpress\/ -->\n<title>Come posso scaricare Tsubook sul mio dispositivo? - Tsubook<\/title>\n<meta name=\"robots\" content=\"index, follow, max-snippet:-1, max-image-preview:large, max-video-preview:-1\" \/>\n<link rel=\"canonical\" href=\"https:\/\/www.tsubook.net\/it\/aiuto\/scarica\/\" \/>\n<meta property=\"og:locale\" content=\"it_IT\" \/>\n<meta property=\"og:type\" content=\"article\" \/>\n<meta property=\"og:title\" content=\"Come posso scaricare Tsubook sul mio dispositivo? - Tsubook\" \/>\n<meta property=\"og:description\" content=\"Ti ringraziamo per l&#8217;interesse mostrato nei confronti di Tsubook! Insieme vedremo come scaricare ed installare l&#8217;applicazione sul tuo dispositivo. Tsubook \u00e8 un&#8217;applicazione disponibile per telefoni (iPhone e Android), tablet (iPad e Android) e computer (Mac e Windows). Distribuiamo Tsubook tramite i seguenti app store: Google Play Store, Apple AppStore e Microsoft Store. Per ottenere l&#8217;app[...]\" \/>\n<meta property=\"og:url\" content=\"https:\/\/www.tsubook.net\/it\/aiuto\/scarica\/\" \/>\n<meta property=\"og:site_name\" content=\"Tsubook\" \/>\n<meta property=\"article:publisher\" content=\"https:\/\/www.facebook.com\/tsubook\/\" \/>\n<meta property=\"article:modified_time\" content=\"2024-09-05T06:58:56+00:00\" \/>\n<meta property=\"og:image\" content=\"https:\/\/www.tsubook.net\/it\/wp-content\/uploads\/tsubook_main.png\" \/>\n\t<meta property=\"og:image:width\" content=\"1536\" \/>\n\t<meta property=\"og:image:height\" content=\"1024\" \/>\n\t<meta property=\"og:image:type\" content=\"image\/png\" \/>\n<meta name=\"twitter:card\" content=\"summary_large_image\" \/>\n<meta name=\"twitter:site\" content=\"@TsubookApp\" \/>\n<meta name=\"twitter:label1\" content=\"Tempo di lettura stimato\" \/>\n\t<meta name=\"twitter:data1\" content=\"5 minuti\" \/>\n<script type=\"application\/ld+json\" class=\"yoast-schema-graph\">{\"@context\":\"https:\/\/schema.org\",\"@graph\":[{\"@type\":\"WebPage\",\"@id\":\"https:\/\/www.tsubook.net\/it\/aiuto\/scarica\/\",\"url\":\"https:\/\/www.tsubook.net\/it\/aiuto\/scarica\/\",\"name\":\"Come posso scaricare Tsubook sul mio dispositivo? - Tsubook\",\"isPartOf\":{\"@id\":\"https:\/\/www.tsubook.net\/it\/#website\"},\"datePublished\":\"2020-01-10T16:55:41+00:00\",\"dateModified\":\"2024-09-05T06:58:56+00:00\",\"breadcrumb\":{\"@id\":\"https:\/\/www.tsubook.net\/it\/aiuto\/scarica\/#breadcrumb\"},\"inLanguage\":\"it-IT\",\"potentialAction\":[{\"@type\":\"ReadAction\",\"target\":[\"https:\/\/www.tsubook.net\/it\/aiuto\/scarica\/\"]}]},{\"@type\":\"BreadcrumbList\",\"@id\":\"https:\/\/www.tsubook.net\/it\/aiuto\/scarica\/#breadcrumb\",\"itemListElement\":[{\"@type\":\"ListItem\",\"position\":1,\"name\":\"Centro assistenza\",\"item\":\"https:\/\/www.tsubook.net\/it\/aiuto\/\"},{\"@type\":\"ListItem\",\"position\":2,\"name\":\"Come posso scaricare Tsubook sul mio dispositivo?\"}]},{\"@type\":\"WebSite\",\"@id\":\"https:\/\/www.tsubook.net\/it\/#website\",\"url\":\"https:\/\/www.tsubook.net\/it\/\",\"name\":\"Tsubook\",\"description\":\"L&#039;app dei meridiani per MTC, Agopuntura, Shiatsu, Tuina, Kinesiologia, Riflessologia, Qi Gong e altro ancora\",\"publisher\":{\"@id\":\"https:\/\/www.tsubook.net\/it\/#organization\"},\"potentialAction\":[{\"@type\":\"SearchAction\",\"target\":{\"@type\":\"EntryPoint\",\"urlTemplate\":\"https:\/\/www.tsubook.net\/it\/?s={search_term_string}\"},\"query-input\":{\"@type\":\"PropertyValueSpecification\",\"valueRequired\":true,\"valueName\":\"search_term_string\"}}],\"inLanguage\":\"it-IT\"},{\"@type\":\"Organization\",\"@id\":\"https:\/\/www.tsubook.net\/it\/#organization\",\"name\":\"Tsubook\",\"url\":\"https:\/\/www.tsubook.net\/it\/\",\"logo\":{\"@type\":\"ImageObject\",\"inLanguage\":\"it-IT\",\"@id\":\"https:\/\/www.tsubook.net\/it\/#\/schema\/logo\/image\/\",\"url\":\"https:\/\/www.tsubook.net\/it\/wp-content\/uploads\/2019\/12\/logo_shiatsu_site3.png\",\"contentUrl\":\"https:\/\/www.tsubook.net\/it\/wp-content\/uploads\/2019\/12\/logo_shiatsu_site3.png\",\"width\":1639,\"height\":440,\"caption\":\"Tsubook\"},\"image\":{\"@id\":\"https:\/\/www.tsubook.net\/it\/#\/schema\/logo\/image\/\"},\"sameAs\":[\"https:\/\/www.facebook.com\/tsubook\/\",\"https:\/\/x.com\/TsubookApp\",\"https:\/\/www.instagram.com\/tsubook_shiatsu\/\"]}]}<\/script>\n<!-- \/ Yoast SEO plugin. -->","yoast_head_json":{"title":"Come posso scaricare Tsubook sul mio dispositivo? - Tsubook","robots":{"index":"index","follow":"follow","max-snippet":"max-snippet:-1","max-image-preview":"max-image-preview:large","max-video-preview":"max-video-preview:-1"},"canonical":"https:\/\/www.tsubook.net\/it\/aiuto\/scarica\/","og_locale":"it_IT","og_type":"article","og_title":"Come posso scaricare Tsubook sul mio dispositivo? - Tsubook","og_description":"Ti ringraziamo per l&#8217;interesse mostrato nei confronti di Tsubook! Insieme vedremo come scaricare ed installare l&#8217;applicazione sul tuo dispositivo. Tsubook \u00e8 un&#8217;applicazione disponibile per telefoni (iPhone e Android), tablet (iPad e Android) e computer (Mac e Windows). Distribuiamo Tsubook tramite i seguenti app store: Google Play Store, Apple AppStore e Microsoft Store. Per ottenere l&#8217;app[...]","og_url":"https:\/\/www.tsubook.net\/it\/aiuto\/scarica\/","og_site_name":"Tsubook","article_publisher":"https:\/\/www.facebook.com\/tsubook\/","article_modified_time":"2024-09-05T06:58:56+00:00","og_image":[{"width":1536,"height":1024,"url":"https:\/\/www.tsubook.net\/it\/wp-content\/uploads\/tsubook_main.png","type":"image\/png"}],"twitter_card":"summary_large_image","twitter_site":"@TsubookApp","twitter_misc":{"Tempo di lettura stimato":"5 minuti"},"schema":{"@context":"https:\/\/schema.org","@graph":[{"@type":"WebPage","@id":"https:\/\/www.tsubook.net\/it\/aiuto\/scarica\/","url":"https:\/\/www.tsubook.net\/it\/aiuto\/scarica\/","name":"Come posso scaricare Tsubook sul mio dispositivo? - Tsubook","isPartOf":{"@id":"https:\/\/www.tsubook.net\/it\/#website"},"datePublished":"2020-01-10T16:55:41+00:00","dateModified":"2024-09-05T06:58:56+00:00","breadcrumb":{"@id":"https:\/\/www.tsubook.net\/it\/aiuto\/scarica\/#breadcrumb"},"inLanguage":"it-IT","potentialAction":[{"@type":"ReadAction","target":["https:\/\/www.tsubook.net\/it\/aiuto\/scarica\/"]}]},{"@type":"BreadcrumbList","@id":"https:\/\/www.tsubook.net\/it\/aiuto\/scarica\/#breadcrumb","itemListElement":[{"@type":"ListItem","position":1,"name":"Centro assistenza","item":"https:\/\/www.tsubook.net\/it\/aiuto\/"},{"@type":"ListItem","position":2,"name":"Come posso scaricare Tsubook sul mio dispositivo?"}]},{"@type":"WebSite","@id":"https:\/\/www.tsubook.net\/it\/#website","url":"https:\/\/www.tsubook.net\/it\/","name":"Tsubook","description":"L&#039;app dei meridiani per MTC, Agopuntura, Shiatsu, Tuina, Kinesiologia, Riflessologia, Qi Gong e altro ancora","publisher":{"@id":"https:\/\/www.tsubook.net\/it\/#organization"},"potentialAction":[{"@type":"SearchAction","target":{"@type":"EntryPoint","urlTemplate":"https:\/\/www.tsubook.net\/it\/?s={search_term_string}"},"query-input":{"@type":"PropertyValueSpecification","valueRequired":true,"valueName":"search_term_string"}}],"inLanguage":"it-IT"},{"@type":"Organization","@id":"https:\/\/www.tsubook.net\/it\/#organization","name":"Tsubook","url":"https:\/\/www.tsubook.net\/it\/","logo":{"@type":"ImageObject","inLanguage":"it-IT","@id":"https:\/\/www.tsubook.net\/it\/#\/schema\/logo\/image\/","url":"https:\/\/www.tsubook.net\/it\/wp-content\/uploads\/2019\/12\/logo_shiatsu_site3.png","contentUrl":"https:\/\/www.tsubook.net\/it\/wp-content\/uploads\/2019\/12\/logo_shiatsu_site3.png","width":1639,"height":440,"caption":"Tsubook"},"image":{"@id":"https:\/\/www.tsubook.net\/it\/#\/schema\/logo\/image\/"},"sameAs":["https:\/\/www.facebook.com\/tsubook\/","https:\/\/x.com\/TsubookApp","https:\/\/www.instagram.com\/tsubook_shiatsu\/"]}]}},"jetpack_sharing_enabled":true,"_links":{"self":[{"href":"https:\/\/www.tsubook.net\/it\/wp-json\/wp\/v2\/pages\/74","targetHints":{"allow":["GET"]}}],"collection":[{"href":"https:\/\/www.tsubook.net\/it\/wp-json\/wp\/v2\/pages"}],"about":[{"href":"https:\/\/www.tsubook.net\/it\/wp-json\/wp\/v2\/types\/page"}],"author":[{"embeddable":true,"href":"https:\/\/www.tsubook.net\/it\/wp-json\/wp\/v2\/users\/1"}],"replies":[{"embeddable":true,"href":"https:\/\/www.tsubook.net\/it\/wp-json\/wp\/v2\/comments?post=74"}],"version-history":[{"count":14,"href":"https:\/\/www.tsubook.net\/it\/wp-json\/wp\/v2\/pages\/74\/revisions"}],"predecessor-version":[{"id":678,"href":"https:\/\/www.tsubook.net\/it\/wp-json\/wp\/v2\/pages\/74\/revisions\/678"}],"up":[{"embeddable":true,"href":"https:\/\/www.tsubook.net\/it\/wp-json\/wp\/v2\/pages\/27"}],"wp:attachment":[{"href":"https:\/\/www.tsubook.net\/it\/wp-json\/wp\/v2\/media?parent=74"}],"curies":[{"name":"wp","href":"https:\/\/api.w.org\/{rel}","templated":true}]}}