{"id":93,"date":"2020-01-12T17:38:05","date_gmt":"2020-01-12T16:38:05","guid":{"rendered":"https:\/\/www.tsubook.net\/it\/?page_id=93"},"modified":"2025-08-06T12:07:25","modified_gmt":"2025-08-06T10:07:25","slug":"insegna","status":"publish","type":"page","link":"https:\/\/www.tsubook.net\/it\/aiuto\/contenuto\/insegna\/","title":{"rendered":"Tsubook mi insegner\u00e0 l&#8217;agopuntura, lo Shiatsu o altre tecniche?"},"content":{"rendered":"\t\t\t<!-- Flexy Breadcrumb -->\r\n\t\t\t<div class=\"fbc fbc-page\">\r\n\r\n\t\t\t\t<!-- Breadcrumb wrapper -->\r\n\t\t\t\t<div class=\"fbc-wrap\">\r\n\r\n\t\t\t\t\t<!-- Ordered list-->\r\n\t\t\t\t\t<ol class=\"fbc-items\" itemscope itemtype=\"https:\/\/schema.org\/BreadcrumbList\">\r\n\t\t\t\t\t\t<li class=\"active\" itemprop=\"itemListElement\" itemscope itemtype=\"https:\/\/schema.org\/ListItem\"><span itemprop=\"name\" title=\"Tsubook mi insegner\u00e0 l&#8217;agopuntura, lo Shiatsu o altre tecniche?\">Tsubook mi insegner\u00e0 l&#8217;agopuntura, lo Shiatsu o altre tecniche?<\/span><meta itemprop=\"position\" content=\"2\" \/><\/li>\t\t\t\t\t<\/ol>\r\n\t\t\t\t\t<div class=\"clearfix\"><\/div>\r\n\t\t\t\t<\/div>\r\n\t\t\t<\/div>\r\n\t\t\t\n\n\n\n<p>Tsubook <strong>non <\/strong>\u00e8 una scuola. Tsubook \u00e8 un supporto per imparare delle tecniche basate sui meridiani come l&#8217;agopuntura, lo shiatsu, il Tui na. In altre parole, l&#8217;app \u00e8 come un libro di testo o una mappa dei meridiani, non ti esonera dallo studio e non ti d\u00e0 alcun certificato.<\/p>\n\n\n\n<p>Se stai cercando una scuola per imparare lo Shiatsu o l&#8217;agopuntura, ti invitiamo a consultare <a href=\"https:\/\/www.tsubook.net\/it\/lista-partners\/\">la nostra lista dei partners<\/a>.<\/p>\n","protected":false},"excerpt":{"rendered":"<p>Tsubook non \u00e8 una scuola. Tsubook \u00e8 un supporto per imparare delle tecniche basate sui meridiani come l&#8217;agopuntura, lo shiatsu, il Tui na. In altre parole, l&#8217;app \u00e8 come un libro di testo o una mappa dei meridiani, non ti esonera dallo studio e non ti d\u00e0 alcun certificato. Se stai cercando una scuola per<a href=\"https:\/\/www.tsubook.net\/it\/aiuto\/contenuto\/insegna\/\">[&#8230;]<\/a><\/p>\n","protected":false},"author":1,"featured_media":0,"parent":91,"menu_order":0,"comment_status":"closed","ping_status":"closed","template":"","meta":{"footnotes":""},"class_list":["post-93","page","type-page","status-publish","hentry","wpautop"],"yoast_head":"<!-- This site is optimized with the Yoast SEO plugin v27.1.1 - https:\/\/yoast.com\/product\/yoast-seo-wordpress\/ -->\n<title>Tsubook mi insegner\u00e0 l&#039;agopuntura, lo Shiatsu o altre tecniche? - Tsubook<\/title>\n<meta name=\"robots\" content=\"index, follow, max-snippet:-1, max-image-preview:large, max-video-preview:-1\" \/>\n<link rel=\"canonical\" href=\"https:\/\/www.tsubook.net\/it\/aiuto\/contenuto\/insegna\/\" \/>\n<meta property=\"og:locale\" content=\"it_IT\" \/>\n<meta property=\"og:type\" content=\"article\" \/>\n<meta property=\"og:title\" content=\"Tsubook mi insegner\u00e0 l&#039;agopuntura, lo Shiatsu o altre tecniche? - Tsubook\" \/>\n<meta property=\"og:description\" content=\"Tsubook non \u00e8 una scuola. Tsubook \u00e8 un supporto per imparare delle tecniche basate sui meridiani come l&#8217;agopuntura, lo shiatsu, il Tui na. In altre parole, l&#8217;app \u00e8 come un libro di testo o una mappa dei meridiani, non ti esonera dallo studio e non ti d\u00e0 alcun certificato. Se stai cercando una scuola per[...]\" \/>\n<meta property=\"og:url\" content=\"https:\/\/www.tsubook.net\/it\/aiuto\/contenuto\/insegna\/\" \/>\n<meta property=\"og:site_name\" content=\"Tsubook\" \/>\n<meta property=\"article:publisher\" content=\"https:\/\/www.facebook.com\/tsubook\/\" \/>\n<meta property=\"article:modified_time\" content=\"2025-08-06T10:07:25+00:00\" \/>\n<meta property=\"og:image\" content=\"https:\/\/www.tsubook.net\/it\/wp-content\/uploads\/tsubook_main.png\" \/>\n\t<meta property=\"og:image:width\" content=\"1536\" \/>\n\t<meta property=\"og:image:height\" content=\"1024\" \/>\n\t<meta property=\"og:image:type\" content=\"image\/png\" \/>\n<meta name=\"twitter:card\" content=\"summary_large_image\" \/>\n<meta name=\"twitter:site\" content=\"@TsubookApp\" \/>\n<meta name=\"twitter:label1\" content=\"Tempo di lettura stimato\" \/>\n\t<meta name=\"twitter:data1\" content=\"1 minuto\" \/>\n<script type=\"application\/ld+json\" class=\"yoast-schema-graph\">{\"@context\":\"https:\/\/schema.org\",\"@graph\":[{\"@type\":\"WebPage\",\"@id\":\"https:\/\/www.tsubook.net\/it\/aiuto\/contenuto\/insegna\/\",\"url\":\"https:\/\/www.tsubook.net\/it\/aiuto\/contenuto\/insegna\/\",\"name\":\"Tsubook mi insegner\u00e0 l'agopuntura, lo Shiatsu o altre tecniche? - Tsubook\",\"isPartOf\":{\"@id\":\"https:\/\/www.tsubook.net\/it\/#website\"},\"datePublished\":\"2020-01-12T16:38:05+00:00\",\"dateModified\":\"2025-08-06T10:07:25+00:00\",\"breadcrumb\":{\"@id\":\"https:\/\/www.tsubook.net\/it\/aiuto\/contenuto\/insegna\/#breadcrumb\"},\"inLanguage\":\"it-IT\",\"potentialAction\":[{\"@type\":\"ReadAction\",\"target\":[\"https:\/\/www.tsubook.net\/it\/aiuto\/contenuto\/insegna\/\"]}]},{\"@type\":\"BreadcrumbList\",\"@id\":\"https:\/\/www.tsubook.net\/it\/aiuto\/contenuto\/insegna\/#breadcrumb\",\"itemListElement\":[{\"@type\":\"ListItem\",\"position\":1,\"name\":\"Centro assistenza\",\"item\":\"https:\/\/www.tsubook.net\/it\/aiuto\/\"},{\"@type\":\"ListItem\",\"position\":2,\"name\":\"Contenuto\",\"item\":\"https:\/\/www.tsubook.net\/it\/aiuto\/contenuto\/\"},{\"@type\":\"ListItem\",\"position\":3,\"name\":\"Tsubook mi insegner\u00e0 l&#8217;agopuntura, lo Shiatsu o altre tecniche?\"}]},{\"@type\":\"WebSite\",\"@id\":\"https:\/\/www.tsubook.net\/it\/#website\",\"url\":\"https:\/\/www.tsubook.net\/it\/\",\"name\":\"Tsubook\",\"description\":\"L&#039;app dei meridiani per MTC, Agopuntura, Shiatsu, Tuina, Kinesiologia, Riflessologia, Qi Gong e altro ancora\",\"publisher\":{\"@id\":\"https:\/\/www.tsubook.net\/it\/#organization\"},\"potentialAction\":[{\"@type\":\"SearchAction\",\"target\":{\"@type\":\"EntryPoint\",\"urlTemplate\":\"https:\/\/www.tsubook.net\/it\/?s={search_term_string}\"},\"query-input\":{\"@type\":\"PropertyValueSpecification\",\"valueRequired\":true,\"valueName\":\"search_term_string\"}}],\"inLanguage\":\"it-IT\"},{\"@type\":\"Organization\",\"@id\":\"https:\/\/www.tsubook.net\/it\/#organization\",\"name\":\"Tsubook\",\"url\":\"https:\/\/www.tsubook.net\/it\/\",\"logo\":{\"@type\":\"ImageObject\",\"inLanguage\":\"it-IT\",\"@id\":\"https:\/\/www.tsubook.net\/it\/#\/schema\/logo\/image\/\",\"url\":\"https:\/\/www.tsubook.net\/it\/wp-content\/uploads\/2019\/12\/logo_shiatsu_site3.png\",\"contentUrl\":\"https:\/\/www.tsubook.net\/it\/wp-content\/uploads\/2019\/12\/logo_shiatsu_site3.png\",\"width\":1639,\"height\":440,\"caption\":\"Tsubook\"},\"image\":{\"@id\":\"https:\/\/www.tsubook.net\/it\/#\/schema\/logo\/image\/\"},\"sameAs\":[\"https:\/\/www.facebook.com\/tsubook\/\",\"https:\/\/x.com\/TsubookApp\",\"https:\/\/www.instagram.com\/tsubook_shiatsu\/\"]}]}<\/script>\n<!-- \/ Yoast SEO plugin. -->","yoast_head_json":{"title":"Tsubook mi insegner\u00e0 l'agopuntura, lo Shiatsu o altre tecniche? - Tsubook","robots":{"index":"index","follow":"follow","max-snippet":"max-snippet:-1","max-image-preview":"max-image-preview:large","max-video-preview":"max-video-preview:-1"},"canonical":"https:\/\/www.tsubook.net\/it\/aiuto\/contenuto\/insegna\/","og_locale":"it_IT","og_type":"article","og_title":"Tsubook mi insegner\u00e0 l'agopuntura, lo Shiatsu o altre tecniche? - Tsubook","og_description":"Tsubook non \u00e8 una scuola. Tsubook \u00e8 un supporto per imparare delle tecniche basate sui meridiani come l&#8217;agopuntura, lo shiatsu, il Tui na. In altre parole, l&#8217;app \u00e8 come un libro di testo o una mappa dei meridiani, non ti esonera dallo studio e non ti d\u00e0 alcun certificato. Se stai cercando una scuola per[...]","og_url":"https:\/\/www.tsubook.net\/it\/aiuto\/contenuto\/insegna\/","og_site_name":"Tsubook","article_publisher":"https:\/\/www.facebook.com\/tsubook\/","article_modified_time":"2025-08-06T10:07:25+00:00","og_image":[{"width":1536,"height":1024,"url":"https:\/\/www.tsubook.net\/it\/wp-content\/uploads\/tsubook_main.png","type":"image\/png"}],"twitter_card":"summary_large_image","twitter_site":"@TsubookApp","twitter_misc":{"Tempo di lettura stimato":"1 minuto"},"schema":{"@context":"https:\/\/schema.org","@graph":[{"@type":"WebPage","@id":"https:\/\/www.tsubook.net\/it\/aiuto\/contenuto\/insegna\/","url":"https:\/\/www.tsubook.net\/it\/aiuto\/contenuto\/insegna\/","name":"Tsubook mi insegner\u00e0 l'agopuntura, lo Shiatsu o altre tecniche? - Tsubook","isPartOf":{"@id":"https:\/\/www.tsubook.net\/it\/#website"},"datePublished":"2020-01-12T16:38:05+00:00","dateModified":"2025-08-06T10:07:25+00:00","breadcrumb":{"@id":"https:\/\/www.tsubook.net\/it\/aiuto\/contenuto\/insegna\/#breadcrumb"},"inLanguage":"it-IT","potentialAction":[{"@type":"ReadAction","target":["https:\/\/www.tsubook.net\/it\/aiuto\/contenuto\/insegna\/"]}]},{"@type":"BreadcrumbList","@id":"https:\/\/www.tsubook.net\/it\/aiuto\/contenuto\/insegna\/#breadcrumb","itemListElement":[{"@type":"ListItem","position":1,"name":"Centro assistenza","item":"https:\/\/www.tsubook.net\/it\/aiuto\/"},{"@type":"ListItem","position":2,"name":"Contenuto","item":"https:\/\/www.tsubook.net\/it\/aiuto\/contenuto\/"},{"@type":"ListItem","position":3,"name":"Tsubook mi insegner\u00e0 l&#8217;agopuntura, lo Shiatsu o altre tecniche?"}]},{"@type":"WebSite","@id":"https:\/\/www.tsubook.net\/it\/#website","url":"https:\/\/www.tsubook.net\/it\/","name":"Tsubook","description":"L&#039;app dei meridiani per MTC, Agopuntura, Shiatsu, Tuina, Kinesiologia, Riflessologia, Qi Gong e altro ancora","publisher":{"@id":"https:\/\/www.tsubook.net\/it\/#organization"},"potentialAction":[{"@type":"SearchAction","target":{"@type":"EntryPoint","urlTemplate":"https:\/\/www.tsubook.net\/it\/?s={search_term_string}"},"query-input":{"@type":"PropertyValueSpecification","valueRequired":true,"valueName":"search_term_string"}}],"inLanguage":"it-IT"},{"@type":"Organization","@id":"https:\/\/www.tsubook.net\/it\/#organization","name":"Tsubook","url":"https:\/\/www.tsubook.net\/it\/","logo":{"@type":"ImageObject","inLanguage":"it-IT","@id":"https:\/\/www.tsubook.net\/it\/#\/schema\/logo\/image\/","url":"https:\/\/www.tsubook.net\/it\/wp-content\/uploads\/2019\/12\/logo_shiatsu_site3.png","contentUrl":"https:\/\/www.tsubook.net\/it\/wp-content\/uploads\/2019\/12\/logo_shiatsu_site3.png","width":1639,"height":440,"caption":"Tsubook"},"image":{"@id":"https:\/\/www.tsubook.net\/it\/#\/schema\/logo\/image\/"},"sameAs":["https:\/\/www.facebook.com\/tsubook\/","https:\/\/x.com\/TsubookApp","https:\/\/www.instagram.com\/tsubook_shiatsu\/"]}]}},"jetpack_sharing_enabled":true,"_links":{"self":[{"href":"https:\/\/www.tsubook.net\/it\/wp-json\/wp\/v2\/pages\/93","targetHints":{"allow":["GET"]}}],"collection":[{"href":"https:\/\/www.tsubook.net\/it\/wp-json\/wp\/v2\/pages"}],"about":[{"href":"https:\/\/www.tsubook.net\/it\/wp-json\/wp\/v2\/types\/page"}],"author":[{"embeddable":true,"href":"https:\/\/www.tsubook.net\/it\/wp-json\/wp\/v2\/users\/1"}],"replies":[{"embeddable":true,"href":"https:\/\/www.tsubook.net\/it\/wp-json\/wp\/v2\/comments?post=93"}],"version-history":[{"count":4,"href":"https:\/\/www.tsubook.net\/it\/wp-json\/wp\/v2\/pages\/93\/revisions"}],"predecessor-version":[{"id":712,"href":"https:\/\/www.tsubook.net\/it\/wp-json\/wp\/v2\/pages\/93\/revisions\/712"}],"up":[{"embeddable":true,"href":"https:\/\/www.tsubook.net\/it\/wp-json\/wp\/v2\/pages\/91"}],"wp:attachment":[{"href":"https:\/\/www.tsubook.net\/it\/wp-json\/wp\/v2\/media?parent=93"}],"curies":[{"name":"wp","href":"https:\/\/api.w.org\/{rel}","templated":true}]}}